{"id":16,"date":"2023-07-26T23:29:52","date_gmt":"2023-07-26T21:29:52","guid":{"rendered":"https:\/\/avenir-goussainville.com\/?page_id=16"},"modified":"2024-05-26T20:17:19","modified_gmt":"2024-05-26T18:17:19","slug":"cours-de-langue-arabe","status":"publish","type":"page","link":"https:\/\/avenir-goussainville.com\/?page_id=16","title":{"rendered":"Langue arabe"},"content":{"rendered":"\n<p>Nous utilisons une m\u00e9thode p\u00e9dagogique d\u2019enseignement de l\u2019arabe pour enfants\u00a0non arabophones du primaire\u00a0\u00e0 partir de\u00a06 ans \u00e9labor\u00e9e par Habib AFFES, docteur en sciences de l\u2019\u00e9ducation. C&rsquo;est une m\u00e9thode\u00a0claire, simple et l\u00e9g\u00e8re enseign\u00e9e \u00e0 raison de 2 cr\u00e9neaux de 2 heures par semaine. <\/p>\n\n\n\n<p class=\"has-white-background-color has-background\">Notre \u00e9quipe p\u00e9dagogique insiste sur le fait de non seulement apprendre aux apprenants \u00e0 lire et \u00e9crire mais \u00e9galement \u00e0 dialoguer et comprendre la langue arabe. <\/p>\n\n\n\n<p class=\"has-white-background-color has-background\">La m\u00e9thode du docteur AFFES est adapt\u00e9e en ce sens, elle permet \u00e0 nos apprenants, lorsqu&rsquo;ils finissent le programme p\u00e9dagogique, de repartir avec un bagage en langue arabe non seulement en lecture et \u00e9criture mais \u00e9galement en expression orale.<\/p>\n","protected":false},"excerpt":{"rendered":"<p>Nous utilisons une m\u00e9thode p\u00e9dagogique d\u2019enseignement de l\u2019arabe pour enfants\u00a0non arabophones du primaire\u00a0\u00e0 partir de\u00a06 ans \u00e9labor\u00e9e par Habib AFFES, docteur en sciences de l\u2019\u00e9ducation. C&rsquo;est une m\u00e9thode\u00a0claire, simple et l\u00e9g\u00e8re enseign\u00e9e \u00e0 raison de 2 cr\u00e9neaux de 2 heures par semaine. Notre \u00e9quipe p\u00e9dagogique insiste sur le fait de non seulement apprendre aux apprenants [&hellip;]<\/p>\n","protected":false},"author":1,"featured_media":0,"parent":0,"menu_order":0,"comment_status":"closed","ping_status":"closed","template":"","meta":[],"yoast_head":"<!-- This site is optimized with the Yoast SEO plugin v21.0 - https:\/\/yoast.com\/wordpress\/plugins\/seo\/ -->\n<title>Langue arabe - ASSOCIATION CULTURELLE AVENIR DE GOUSSAINVILLE<\/title>\n<meta name=\"robots\" content=\"index, follow, max-snippet:-1, max-image-preview:large, max-video-preview:-1\" \/>\n<link rel=\"canonical\" href=\"https:\/\/avenir-goussainville.com\/?page_id=16\" \/>\n<meta property=\"og:locale\" content=\"fr_FR\" \/>\n<meta property=\"og:type\" content=\"article\" \/>\n<meta property=\"og:title\" content=\"Langue arabe - ASSOCIATION CULTURELLE AVENIR DE GOUSSAINVILLE\" \/>\n<meta property=\"og:description\" content=\"Nous utilisons une m\u00e9thode p\u00e9dagogique d\u2019enseignement de l\u2019arabe pour enfants\u00a0non arabophones du primaire\u00a0\u00e0 partir de\u00a06 ans \u00e9labor\u00e9e par Habib AFFES, docteur en sciences de l\u2019\u00e9ducation. C&rsquo;est une m\u00e9thode\u00a0claire, simple et l\u00e9g\u00e8re enseign\u00e9e \u00e0 raison de 2 cr\u00e9neaux de 2 heures par semaine. Notre \u00e9quipe p\u00e9dagogique insiste sur le fait de non seulement apprendre aux apprenants [&hellip;]\" \/>\n<meta property=\"og:url\" content=\"https:\/\/avenir-goussainville.com\/?page_id=16\" \/>\n<meta property=\"og:site_name\" content=\"ASSOCIATION CULTURELLE AVENIR DE GOUSSAINVILLE\" \/>\n<meta property=\"article:modified_time\" content=\"2024-05-26T18:17:19+00:00\" \/>\n<meta name=\"twitter:card\" content=\"summary_large_image\" \/>\n<meta name=\"twitter:label1\" content=\"Dur\u00e9e de lecture estim\u00e9e\" \/>\n\t<meta name=\"twitter:data1\" content=\"1 minute\" \/>\n<script type=\"application\/ld+json\" class=\"yoast-schema-graph\">{\"@context\":\"https:\/\/schema.org\",\"@graph\":[{\"@type\":\"WebPage\",\"@id\":\"https:\/\/avenir-goussainville.com\/?page_id=16\",\"url\":\"https:\/\/avenir-goussainville.com\/?page_id=16\",\"name\":\"Langue arabe - ASSOCIATION CULTURELLE AVENIR DE GOUSSAINVILLE\",\"isPartOf\":{\"@id\":\"https:\/\/avenir-goussainville.com\/#website\"},\"datePublished\":\"2023-07-26T21:29:52+00:00\",\"dateModified\":\"2024-05-26T18:17:19+00:00\",\"breadcrumb\":{\"@id\":\"https:\/\/avenir-goussainville.com\/?page_id=16#breadcrumb\"},\"inLanguage\":\"fr-FR\",\"potentialAction\":[{\"@type\":\"ReadAction\",\"target\":[\"https:\/\/avenir-goussainville.com\/?page_id=16\"]}]},{\"@type\":\"BreadcrumbList\",\"@id\":\"https:\/\/avenir-goussainville.com\/?page_id=16#breadcrumb\",\"itemListElement\":[{\"@type\":\"ListItem\",\"position\":1,\"name\":\"Accueil\",\"item\":\"https:\/\/avenir-goussainville.com\/\"},{\"@type\":\"ListItem\",\"position\":2,\"name\":\"Langue arabe\"}]},{\"@type\":\"WebSite\",\"@id\":\"https:\/\/avenir-goussainville.com\/#website\",\"url\":\"https:\/\/avenir-goussainville.com\/\",\"name\":\"ASSOCIATION CULTURELLE AVENIR DE GOUSSAINVILLE\",\"description\":\"\",\"publisher\":{\"@id\":\"https:\/\/avenir-goussainville.com\/#organization\"},\"potentialAction\":[{\"@type\":\"SearchAction\",\"target\":{\"@type\":\"EntryPoint\",\"urlTemplate\":\"https:\/\/avenir-goussainville.com\/?s={search_term_string}\"},\"query-input\":\"required name=search_term_string\"}],\"inLanguage\":\"fr-FR\"},{\"@type\":\"Organization\",\"@id\":\"https:\/\/avenir-goussainville.com\/#organization\",\"name\":\"ASSOCIATION CULTURELLE AVENIR DE GOUSSAINVILLE\",\"url\":\"https:\/\/avenir-goussainville.com\/\",\"logo\":{\"@type\":\"ImageObject\",\"inLanguage\":\"fr-FR\",\"@id\":\"https:\/\/avenir-goussainville.com\/#\/schema\/logo\/image\/\",\"url\":\"https:\/\/avenir-goussainville.com\/wp-content\/uploads\/2023\/07\/cropped-cropped-Logo_AVENIR_568x407-1.png\",\"contentUrl\":\"https:\/\/avenir-goussainville.com\/wp-content\/uploads\/2023\/07\/cropped-cropped-Logo_AVENIR_568x407-1.png\",\"width\":407,\"height\":407,\"caption\":\"ASSOCIATION CULTURELLE AVENIR DE GOUSSAINVILLE\"},\"image\":{\"@id\":\"https:\/\/avenir-goussainville.com\/#\/schema\/logo\/image\/\"}}]}<\/script>\n<!-- \/ Yoast SEO plugin. -->","yoast_head_json":{"title":"Langue arabe - ASSOCIATION CULTURELLE AVENIR DE GOUSSAINVILLE","robots":{"index":"index","follow":"follow","max-snippet":"max-snippet:-1","max-image-preview":"max-image-preview:large","max-video-preview":"max-video-preview:-1"},"canonical":"https:\/\/avenir-goussainville.com\/?page_id=16","og_locale":"fr_FR","og_type":"article","og_title":"Langue arabe - ASSOCIATION CULTURELLE AVENIR DE GOUSSAINVILLE","og_description":"Nous utilisons une m\u00e9thode p\u00e9dagogique d\u2019enseignement de l\u2019arabe pour enfants\u00a0non arabophones du primaire\u00a0\u00e0 partir de\u00a06 ans \u00e9labor\u00e9e par Habib AFFES, docteur en sciences de l\u2019\u00e9ducation. C&rsquo;est une m\u00e9thode\u00a0claire, simple et l\u00e9g\u00e8re enseign\u00e9e \u00e0 raison de 2 cr\u00e9neaux de 2 heures par semaine. Notre \u00e9quipe p\u00e9dagogique insiste sur le fait de non seulement apprendre aux apprenants [&hellip;]","og_url":"https:\/\/avenir-goussainville.com\/?page_id=16","og_site_name":"ASSOCIATION CULTURELLE AVENIR DE GOUSSAINVILLE","article_modified_time":"2024-05-26T18:17:19+00:00","twitter_card":"summary_large_image","twitter_misc":{"Dur\u00e9e de lecture estim\u00e9e":"1 minute"},"schema":{"@context":"https:\/\/schema.org","@graph":[{"@type":"WebPage","@id":"https:\/\/avenir-goussainville.com\/?page_id=16","url":"https:\/\/avenir-goussainville.com\/?page_id=16","name":"Langue arabe - ASSOCIATION CULTURELLE AVENIR DE GOUSSAINVILLE","isPartOf":{"@id":"https:\/\/avenir-goussainville.com\/#website"},"datePublished":"2023-07-26T21:29:52+00:00","dateModified":"2024-05-26T18:17:19+00:00","breadcrumb":{"@id":"https:\/\/avenir-goussainville.com\/?page_id=16#breadcrumb"},"inLanguage":"fr-FR","potentialAction":[{"@type":"ReadAction","target":["https:\/\/avenir-goussainville.com\/?page_id=16"]}]},{"@type":"BreadcrumbList","@id":"https:\/\/avenir-goussainville.com\/?page_id=16#breadcrumb","itemListElement":[{"@type":"ListItem","position":1,"name":"Accueil","item":"https:\/\/avenir-goussainville.com\/"},{"@type":"ListItem","position":2,"name":"Langue arabe"}]},{"@type":"WebSite","@id":"https:\/\/avenir-goussainville.com\/#website","url":"https:\/\/avenir-goussainville.com\/","name":"ASSOCIATION CULTURELLE AVENIR DE GOUSSAINVILLE","description":"","publisher":{"@id":"https:\/\/avenir-goussainville.com\/#organization"},"potentialAction":[{"@type":"SearchAction","target":{"@type":"EntryPoint","urlTemplate":"https:\/\/avenir-goussainville.com\/?s={search_term_string}"},"query-input":"required name=search_term_string"}],"inLanguage":"fr-FR"},{"@type":"Organization","@id":"https:\/\/avenir-goussainville.com\/#organization","name":"ASSOCIATION CULTURELLE AVENIR DE GOUSSAINVILLE","url":"https:\/\/avenir-goussainville.com\/","logo":{"@type":"ImageObject","inLanguage":"fr-FR","@id":"https:\/\/avenir-goussainville.com\/#\/schema\/logo\/image\/","url":"https:\/\/avenir-goussainville.com\/wp-content\/uploads\/2023\/07\/cropped-cropped-Logo_AVENIR_568x407-1.png","contentUrl":"https:\/\/avenir-goussainville.com\/wp-content\/uploads\/2023\/07\/cropped-cropped-Logo_AVENIR_568x407-1.png","width":407,"height":407,"caption":"ASSOCIATION CULTURELLE AVENIR DE GOUSSAINVILLE"},"image":{"@id":"https:\/\/avenir-goussainville.com\/#\/schema\/logo\/image\/"}}]}},"_links":{"self":[{"href":"https:\/\/avenir-goussainville.com\/index.php?rest_route=\/wp\/v2\/pages\/16"}],"collection":[{"href":"https:\/\/avenir-goussainville.com\/index.php?rest_route=\/wp\/v2\/pages"}],"about":[{"href":"https:\/\/avenir-goussainville.com\/index.php?rest_route=\/wp\/v2\/types\/page"}],"author":[{"embeddable":true,"href":"https:\/\/avenir-goussainville.com\/index.php?rest_route=\/wp\/v2\/users\/1"}],"replies":[{"embeddable":true,"href":"https:\/\/avenir-goussainville.com\/index.php?rest_route=%2Fwp%2Fv2%2Fcomments&post=16"}],"version-history":[{"count":15,"href":"https:\/\/avenir-goussainville.com\/index.php?rest_route=\/wp\/v2\/pages\/16\/revisions"}],"predecessor-version":[{"id":262,"href":"https:\/\/avenir-goussainville.com\/index.php?rest_route=\/wp\/v2\/pages\/16\/revisions\/262"}],"wp:attachment":[{"href":"https:\/\/avenir-goussainville.com\/index.php?rest_route=%2Fwp%2Fv2%2Fmedia&parent=16"}],"curies":[{"name":"wp","href":"https:\/\/api.w.org\/{rel}","templated":true}]}}