{"id":18,"date":"2023-07-26T23:30:31","date_gmt":"2023-07-26T21:30:31","guid":{"rendered":"https:\/\/avenir-goussainville.com\/?page_id=18"},"modified":"2024-05-26T20:13:01","modified_gmt":"2024-05-26T18:13:01","slug":"soutien-scolaire","status":"publish","type":"page","link":"https:\/\/avenir-goussainville.com\/?page_id=18","title":{"rendered":"Soutien scolaire"},"content":{"rendered":"<h2>Soutien scolaire<\/h2>\n<p>Parce que la r\u00e9ussite de nos jeunes est une priorit\u00e9, l&rsquo;association met en place des tutorats scolaires en math\u00e9matiques pour les \u00e9l\u00e8ves de 3\u00e8me, Premi\u00e8re et Terminale.<\/p>\n<p>Les cours d\u00e9buteront la semaine du 6 novembre 2023 \u00e0 raison de 2 heures par semaine.<\/p>\n<p>Nous communiquerons prochainement les dates d&rsquo;inscriptions pour l&rsquo;ann\u00e9e scolaire 2024\/2025<\/p>\n\n\n<hr class=\"wp-block-separator has-alpha-channel-opacity\"\/>\n\n\n\n<h2 class=\"wp-block-heading\">Intensif BAC<\/h2>\n\n\n\n<p>Le bac approche \u00e0 grand pas, c\u2019est une \u00e9ch\u00e9ance incontournable pour nos chers lyc\u00e9ens. Pour vous pr\u00e9parer au mieux, nous vous proposons des stages intensifs de r\u00e9vision encadr\u00e9s par des enseignants qualifi\u00e9s.<\/p>\n\n\n\n<p>Vous aurez le choix entre les math\u00e9matiques, la physique-chimie ou la SVT, r\u00e9parties sur 5 s\u00e9ances de 2 heures. Nos enseignants r\u00e9aliseront avec vous des sujets types BAC ainsi que leurs corrections.<\/p>\n\n\n\n<p> Les places sont limit\u00e9es \u00e0 10 \u00e9l\u00e8ves par classe \u203c\ufe0f<\/p>\n\n\n\n<p>Du 3 au 7 juin : Math\u00e9matiques ou Physique-chimie.<\/p>\n\n\n\n<p>Du 10 au 14 juin : Math\u00e9matiques ou SVT.<\/p>\n\n\n\n<p>Tarif : 20\u20ac la semaine.<\/p>\n\n\n\n<div class=\"wp-block-buttons is-layout-flex wp-block-buttons-is-layout-flex\">\n<div class=\"wp-block-button\"><a class=\"wp-block-button__link wp-element-button\" href=\"https:\/\/forms.gle\/N3H3U8RE2UcEYrR48\" target=\"_blank\" rel=\"noreferrer noopener\">Inscrivez vous ici !<\/a><\/div>\n<\/div>\n","protected":false},"excerpt":{"rendered":"<p>Soutien scolaire Parce que la r\u00e9ussite de nos jeunes est une priorit\u00e9, l&rsquo;association met en place des tutorats scolaires en math\u00e9matiques pour les \u00e9l\u00e8ves de 3\u00e8me, Premi\u00e8re et Terminale. Les cours d\u00e9buteront la semaine du 6 novembre 2023 \u00e0 raison de 2 heures par semaine. Nous communiquerons prochainement les dates d&rsquo;inscriptions pour l&rsquo;ann\u00e9e scolaire 2024\/2025 [&hellip;]<\/p>\n","protected":false},"author":1,"featured_media":0,"parent":0,"menu_order":0,"comment_status":"closed","ping_status":"closed","template":"","meta":{"footnotes":""},"class_list":["post-18","page","type-page","status-publish","hentry"],"yoast_head":"<!-- This site is optimized with the Yoast SEO plugin v21.0 - https:\/\/yoast.com\/wordpress\/plugins\/seo\/ -->\n<title>Soutien scolaire - ASSOCIATION CULTURELLE AVENIR DE GOUSSAINVILLE<\/title>\n<meta name=\"robots\" content=\"index, follow, max-snippet:-1, max-image-preview:large, max-video-preview:-1\" \/>\n<link rel=\"canonical\" href=\"https:\/\/avenir-goussainville.com\/?page_id=18\" \/>\n<meta property=\"og:locale\" content=\"fr_FR\" \/>\n<meta property=\"og:type\" content=\"article\" \/>\n<meta property=\"og:title\" content=\"Soutien scolaire - ASSOCIATION CULTURELLE AVENIR DE GOUSSAINVILLE\" \/>\n<meta property=\"og:description\" content=\"Soutien scolaire Parce que la r\u00e9ussite de nos jeunes est une priorit\u00e9, l&rsquo;association met en place des tutorats scolaires en math\u00e9matiques pour les \u00e9l\u00e8ves de 3\u00e8me, Premi\u00e8re et Terminale. Les cours d\u00e9buteront la semaine du 6 novembre 2023 \u00e0 raison de 2 heures par semaine. Nous communiquerons prochainement les dates d&rsquo;inscriptions pour l&rsquo;ann\u00e9e scolaire 2024\/2025 [&hellip;]\" \/>\n<meta property=\"og:url\" content=\"https:\/\/avenir-goussainville.com\/?page_id=18\" \/>\n<meta property=\"og:site_name\" content=\"ASSOCIATION CULTURELLE AVENIR DE GOUSSAINVILLE\" \/>\n<meta property=\"article:modified_time\" content=\"2024-05-26T18:13:01+00:00\" \/>\n<meta name=\"twitter:card\" content=\"summary_large_image\" \/>\n<meta name=\"twitter:label1\" content=\"Dur\u00e9e de lecture estim\u00e9e\" \/>\n\t<meta name=\"twitter:data1\" content=\"1 minute\" \/>\n<script type=\"application\/ld+json\" class=\"yoast-schema-graph\">{\"@context\":\"https:\/\/schema.org\",\"@graph\":[{\"@type\":\"WebPage\",\"@id\":\"https:\/\/avenir-goussainville.com\/?page_id=18\",\"url\":\"https:\/\/avenir-goussainville.com\/?page_id=18\",\"name\":\"Soutien scolaire - ASSOCIATION CULTURELLE AVENIR DE GOUSSAINVILLE\",\"isPartOf\":{\"@id\":\"https:\/\/avenir-goussainville.com\/#website\"},\"datePublished\":\"2023-07-26T21:30:31+00:00\",\"dateModified\":\"2024-05-26T18:13:01+00:00\",\"breadcrumb\":{\"@id\":\"https:\/\/avenir-goussainville.com\/?page_id=18#breadcrumb\"},\"inLanguage\":\"fr-FR\",\"potentialAction\":[{\"@type\":\"ReadAction\",\"target\":[\"https:\/\/avenir-goussainville.com\/?page_id=18\"]}]},{\"@type\":\"BreadcrumbList\",\"@id\":\"https:\/\/avenir-goussainville.com\/?page_id=18#breadcrumb\",\"itemListElement\":[{\"@type\":\"ListItem\",\"position\":1,\"name\":\"Accueil\",\"item\":\"https:\/\/avenir-goussainville.com\/\"},{\"@type\":\"ListItem\",\"position\":2,\"name\":\"Soutien scolaire\"}]},{\"@type\":\"WebSite\",\"@id\":\"https:\/\/avenir-goussainville.com\/#website\",\"url\":\"https:\/\/avenir-goussainville.com\/\",\"name\":\"ASSOCIATION CULTURELLE AVENIR DE GOUSSAINVILLE\",\"description\":\"\",\"publisher\":{\"@id\":\"https:\/\/avenir-goussainville.com\/#organization\"},\"potentialAction\":[{\"@type\":\"SearchAction\",\"target\":{\"@type\":\"EntryPoint\",\"urlTemplate\":\"https:\/\/avenir-goussainville.com\/?s={search_term_string}\"},\"query-input\":\"required name=search_term_string\"}],\"inLanguage\":\"fr-FR\"},{\"@type\":\"Organization\",\"@id\":\"https:\/\/avenir-goussainville.com\/#organization\",\"name\":\"ASSOCIATION CULTURELLE AVENIR DE GOUSSAINVILLE\",\"url\":\"https:\/\/avenir-goussainville.com\/\",\"logo\":{\"@type\":\"ImageObject\",\"inLanguage\":\"fr-FR\",\"@id\":\"https:\/\/avenir-goussainville.com\/#\/schema\/logo\/image\/\",\"url\":\"https:\/\/avenir-goussainville.com\/wp-content\/uploads\/2023\/07\/cropped-cropped-Logo_AVENIR_568x407-1.png\",\"contentUrl\":\"https:\/\/avenir-goussainville.com\/wp-content\/uploads\/2023\/07\/cropped-cropped-Logo_AVENIR_568x407-1.png\",\"width\":407,\"height\":407,\"caption\":\"ASSOCIATION CULTURELLE AVENIR DE GOUSSAINVILLE\"},\"image\":{\"@id\":\"https:\/\/avenir-goussainville.com\/#\/schema\/logo\/image\/\"}}]}<\/script>\n<!-- \/ Yoast SEO plugin. -->","yoast_head_json":{"title":"Soutien scolaire - ASSOCIATION CULTURELLE AVENIR DE GOUSSAINVILLE","robots":{"index":"index","follow":"follow","max-snippet":"max-snippet:-1","max-image-preview":"max-image-preview:large","max-video-preview":"max-video-preview:-1"},"canonical":"https:\/\/avenir-goussainville.com\/?page_id=18","og_locale":"fr_FR","og_type":"article","og_title":"Soutien scolaire - ASSOCIATION CULTURELLE AVENIR DE GOUSSAINVILLE","og_description":"Soutien scolaire Parce que la r\u00e9ussite de nos jeunes est une priorit\u00e9, l&rsquo;association met en place des tutorats scolaires en math\u00e9matiques pour les \u00e9l\u00e8ves de 3\u00e8me, Premi\u00e8re et Terminale. Les cours d\u00e9buteront la semaine du 6 novembre 2023 \u00e0 raison de 2 heures par semaine. Nous communiquerons prochainement les dates d&rsquo;inscriptions pour l&rsquo;ann\u00e9e scolaire 2024\/2025 [&hellip;]","og_url":"https:\/\/avenir-goussainville.com\/?page_id=18","og_site_name":"ASSOCIATION CULTURELLE AVENIR DE GOUSSAINVILLE","article_modified_time":"2024-05-26T18:13:01+00:00","twitter_card":"summary_large_image","twitter_misc":{"Dur\u00e9e de lecture estim\u00e9e":"1 minute"},"schema":{"@context":"https:\/\/schema.org","@graph":[{"@type":"WebPage","@id":"https:\/\/avenir-goussainville.com\/?page_id=18","url":"https:\/\/avenir-goussainville.com\/?page_id=18","name":"Soutien scolaire - ASSOCIATION CULTURELLE AVENIR DE GOUSSAINVILLE","isPartOf":{"@id":"https:\/\/avenir-goussainville.com\/#website"},"datePublished":"2023-07-26T21:30:31+00:00","dateModified":"2024-05-26T18:13:01+00:00","breadcrumb":{"@id":"https:\/\/avenir-goussainville.com\/?page_id=18#breadcrumb"},"inLanguage":"fr-FR","potentialAction":[{"@type":"ReadAction","target":["https:\/\/avenir-goussainville.com\/?page_id=18"]}]},{"@type":"BreadcrumbList","@id":"https:\/\/avenir-goussainville.com\/?page_id=18#breadcrumb","itemListElement":[{"@type":"ListItem","position":1,"name":"Accueil","item":"https:\/\/avenir-goussainville.com\/"},{"@type":"ListItem","position":2,"name":"Soutien scolaire"}]},{"@type":"WebSite","@id":"https:\/\/avenir-goussainville.com\/#website","url":"https:\/\/avenir-goussainville.com\/","name":"ASSOCIATION CULTURELLE AVENIR DE GOUSSAINVILLE","description":"","publisher":{"@id":"https:\/\/avenir-goussainville.com\/#organization"},"potentialAction":[{"@type":"SearchAction","target":{"@type":"EntryPoint","urlTemplate":"https:\/\/avenir-goussainville.com\/?s={search_term_string}"},"query-input":"required name=search_term_string"}],"inLanguage":"fr-FR"},{"@type":"Organization","@id":"https:\/\/avenir-goussainville.com\/#organization","name":"ASSOCIATION CULTURELLE AVENIR DE GOUSSAINVILLE","url":"https:\/\/avenir-goussainville.com\/","logo":{"@type":"ImageObject","inLanguage":"fr-FR","@id":"https:\/\/avenir-goussainville.com\/#\/schema\/logo\/image\/","url":"https:\/\/avenir-goussainville.com\/wp-content\/uploads\/2023\/07\/cropped-cropped-Logo_AVENIR_568x407-1.png","contentUrl":"https:\/\/avenir-goussainville.com\/wp-content\/uploads\/2023\/07\/cropped-cropped-Logo_AVENIR_568x407-1.png","width":407,"height":407,"caption":"ASSOCIATION CULTURELLE AVENIR DE GOUSSAINVILLE"},"image":{"@id":"https:\/\/avenir-goussainville.com\/#\/schema\/logo\/image\/"}}]}},"_links":{"self":[{"href":"https:\/\/avenir-goussainville.com\/index.php?rest_route=\/wp\/v2\/pages\/18","targetHints":{"allow":["GET"]}}],"collection":[{"href":"https:\/\/avenir-goussainville.com\/index.php?rest_route=\/wp\/v2\/pages"}],"about":[{"href":"https:\/\/avenir-goussainville.com\/index.php?rest_route=\/wp\/v2\/types\/page"}],"author":[{"embeddable":true,"href":"https:\/\/avenir-goussainville.com\/index.php?rest_route=\/wp\/v2\/users\/1"}],"replies":[{"embeddable":true,"href":"https:\/\/avenir-goussainville.com\/index.php?rest_route=%2Fwp%2Fv2%2Fcomments&post=18"}],"version-history":[{"count":11,"href":"https:\/\/avenir-goussainville.com\/index.php?rest_route=\/wp\/v2\/pages\/18\/revisions"}],"predecessor-version":[{"id":255,"href":"https:\/\/avenir-goussainville.com\/index.php?rest_route=\/wp\/v2\/pages\/18\/revisions\/255"}],"wp:attachment":[{"href":"https:\/\/avenir-goussainville.com\/index.php?rest_route=%2Fwp%2Fv2%2Fmedia&parent=18"}],"curies":[{"name":"wp","href":"https:\/\/api.w.org\/{rel}","templated":true}]}}