{"id":98,"date":"2023-08-11T02:15:31","date_gmt":"2023-08-11T00:15:31","guid":{"rendered":"https:\/\/avenir-goussainville.com\/?page_id=98"},"modified":"2024-05-26T20:14:30","modified_gmt":"2024-05-26T18:14:30","slug":"inscriptions-cours-darabe","status":"publish","type":"page","link":"https:\/\/avenir-goussainville.com\/?page_id=98","title":{"rendered":"Langue arabe"},"content":{"rendered":"\n<h2 class=\"wp-block-heading\">Inscription enfants<\/h2>\n\n\n\n<p>Les inscriptions concernant l&rsquo;apprentissage de l&rsquo;arabe pour les enfants \u00e0 partir de 6 ans auront lieu les samedi 1er et 08 juin de 9h30 \u00e0 12h30 \u00e0 la grande mosqu\u00e9e. <\/p>\n\n\n\n<p>Vous pouvez t\u00e9l\u00e9charger le dossier et l&rsquo;apporter le jour de l&rsquo;inscription. Apportez \u00e9galement une attestation d&rsquo;assurance extra-scolaire ainsi qu&rsquo;un moyen de r\u00e9glement (ch\u00e8que ou esp\u00e8ce)<\/p>\n\n\n\n<div class=\"wp-block-buttons is-layout-flex\">\n<div class=\"wp-block-button\"><a class=\"wp-block-button__link wp-element-button\" href=\"https:\/\/avenir-goussainville.com\/wp-content\/uploads\/2024\/05\/INSCRIPTION-ARABE-ENFANTS-2025.pdf\" target=\"_blank\" rel=\"noreferrer noopener\">T\u00e9l\u00e9chargez ici le dossier d&rsquo;inscription<\/a><\/div>\n<\/div>\n\n\n\n<hr class=\"wp-block-separator has-text-color has-cyan-bluish-gray-color has-alpha-channel-opacity has-cyan-bluish-gray-background-color has-background is-style-default\"\/>\n\n\n\n<h1 class=\"wp-block-heading\">Inscriptions adultes<\/h1>\n\n\n\n<p>Nous vous communiquerons prochainement les dates d&rsquo;inscriptions pour les adultes.<\/p>\n","protected":false},"excerpt":{"rendered":"<p>Inscription enfants Les inscriptions concernant l&rsquo;apprentissage de l&rsquo;arabe pour les enfants \u00e0 partir de 6 ans auront lieu les samedi 1er et 08 juin de 9h30 \u00e0 12h30 \u00e0 la grande mosqu\u00e9e. Vous pouvez t\u00e9l\u00e9charger le dossier et l&rsquo;apporter le jour de l&rsquo;inscription. Apportez \u00e9galement une attestation d&rsquo;assurance extra-scolaire ainsi qu&rsquo;un moyen de r\u00e9glement (ch\u00e8que [&hellip;]<\/p>\n","protected":false},"author":1,"featured_media":0,"parent":0,"menu_order":0,"comment_status":"closed","ping_status":"closed","template":"","meta":[],"yoast_head":"<!-- This site is optimized with the Yoast SEO plugin v21.0 - https:\/\/yoast.com\/wordpress\/plugins\/seo\/ -->\n<title>Langue arabe - ASSOCIATION CULTURELLE AVENIR DE GOUSSAINVILLE<\/title>\n<meta name=\"robots\" content=\"index, follow, max-snippet:-1, max-image-preview:large, max-video-preview:-1\" \/>\n<link rel=\"canonical\" href=\"https:\/\/avenir-goussainville.com\/?page_id=98\" \/>\n<meta property=\"og:locale\" content=\"fr_FR\" \/>\n<meta property=\"og:type\" content=\"article\" \/>\n<meta property=\"og:title\" content=\"Langue arabe - ASSOCIATION CULTURELLE AVENIR DE GOUSSAINVILLE\" \/>\n<meta property=\"og:description\" content=\"Inscription enfants Les inscriptions concernant l&rsquo;apprentissage de l&rsquo;arabe pour les enfants \u00e0 partir de 6 ans auront lieu les samedi 1er et 08 juin de 9h30 \u00e0 12h30 \u00e0 la grande mosqu\u00e9e. Vous pouvez t\u00e9l\u00e9charger le dossier et l&rsquo;apporter le jour de l&rsquo;inscription. Apportez \u00e9galement une attestation d&rsquo;assurance extra-scolaire ainsi qu&rsquo;un moyen de r\u00e9glement (ch\u00e8que [&hellip;]\" \/>\n<meta property=\"og:url\" content=\"https:\/\/avenir-goussainville.com\/?page_id=98\" \/>\n<meta property=\"og:site_name\" content=\"ASSOCIATION CULTURELLE AVENIR DE GOUSSAINVILLE\" \/>\n<meta property=\"article:modified_time\" content=\"2024-05-26T18:14:30+00:00\" \/>\n<meta name=\"twitter:card\" content=\"summary_large_image\" \/>\n<meta name=\"twitter:label1\" content=\"Dur\u00e9e de lecture estim\u00e9e\" \/>\n\t<meta name=\"twitter:data1\" content=\"1 minute\" \/>\n<script type=\"application\/ld+json\" class=\"yoast-schema-graph\">{\"@context\":\"https:\/\/schema.org\",\"@graph\":[{\"@type\":\"WebPage\",\"@id\":\"https:\/\/avenir-goussainville.com\/?page_id=98\",\"url\":\"https:\/\/avenir-goussainville.com\/?page_id=98\",\"name\":\"Langue arabe - ASSOCIATION CULTURELLE AVENIR DE GOUSSAINVILLE\",\"isPartOf\":{\"@id\":\"https:\/\/avenir-goussainville.com\/#website\"},\"datePublished\":\"2023-08-11T00:15:31+00:00\",\"dateModified\":\"2024-05-26T18:14:30+00:00\",\"breadcrumb\":{\"@id\":\"https:\/\/avenir-goussainville.com\/?page_id=98#breadcrumb\"},\"inLanguage\":\"fr-FR\",\"potentialAction\":[{\"@type\":\"ReadAction\",\"target\":[\"https:\/\/avenir-goussainville.com\/?page_id=98\"]}]},{\"@type\":\"BreadcrumbList\",\"@id\":\"https:\/\/avenir-goussainville.com\/?page_id=98#breadcrumb\",\"itemListElement\":[{\"@type\":\"ListItem\",\"position\":1,\"name\":\"Accueil\",\"item\":\"https:\/\/avenir-goussainville.com\/\"},{\"@type\":\"ListItem\",\"position\":2,\"name\":\"Langue arabe\"}]},{\"@type\":\"WebSite\",\"@id\":\"https:\/\/avenir-goussainville.com\/#website\",\"url\":\"https:\/\/avenir-goussainville.com\/\",\"name\":\"ASSOCIATION CULTURELLE AVENIR DE GOUSSAINVILLE\",\"description\":\"\",\"publisher\":{\"@id\":\"https:\/\/avenir-goussainville.com\/#organization\"},\"potentialAction\":[{\"@type\":\"SearchAction\",\"target\":{\"@type\":\"EntryPoint\",\"urlTemplate\":\"https:\/\/avenir-goussainville.com\/?s={search_term_string}\"},\"query-input\":\"required name=search_term_string\"}],\"inLanguage\":\"fr-FR\"},{\"@type\":\"Organization\",\"@id\":\"https:\/\/avenir-goussainville.com\/#organization\",\"name\":\"ASSOCIATION CULTURELLE AVENIR DE GOUSSAINVILLE\",\"url\":\"https:\/\/avenir-goussainville.com\/\",\"logo\":{\"@type\":\"ImageObject\",\"inLanguage\":\"fr-FR\",\"@id\":\"https:\/\/avenir-goussainville.com\/#\/schema\/logo\/image\/\",\"url\":\"https:\/\/avenir-goussainville.com\/wp-content\/uploads\/2023\/07\/cropped-cropped-Logo_AVENIR_568x407-1.png\",\"contentUrl\":\"https:\/\/avenir-goussainville.com\/wp-content\/uploads\/2023\/07\/cropped-cropped-Logo_AVENIR_568x407-1.png\",\"width\":407,\"height\":407,\"caption\":\"ASSOCIATION CULTURELLE AVENIR DE GOUSSAINVILLE\"},\"image\":{\"@id\":\"https:\/\/avenir-goussainville.com\/#\/schema\/logo\/image\/\"}}]}<\/script>\n<!-- \/ Yoast SEO plugin. -->","yoast_head_json":{"title":"Langue arabe - ASSOCIATION CULTURELLE AVENIR DE GOUSSAINVILLE","robots":{"index":"index","follow":"follow","max-snippet":"max-snippet:-1","max-image-preview":"max-image-preview:large","max-video-preview":"max-video-preview:-1"},"canonical":"https:\/\/avenir-goussainville.com\/?page_id=98","og_locale":"fr_FR","og_type":"article","og_title":"Langue arabe - ASSOCIATION CULTURELLE AVENIR DE GOUSSAINVILLE","og_description":"Inscription enfants Les inscriptions concernant l&rsquo;apprentissage de l&rsquo;arabe pour les enfants \u00e0 partir de 6 ans auront lieu les samedi 1er et 08 juin de 9h30 \u00e0 12h30 \u00e0 la grande mosqu\u00e9e. Vous pouvez t\u00e9l\u00e9charger le dossier et l&rsquo;apporter le jour de l&rsquo;inscription. Apportez \u00e9galement une attestation d&rsquo;assurance extra-scolaire ainsi qu&rsquo;un moyen de r\u00e9glement (ch\u00e8que [&hellip;]","og_url":"https:\/\/avenir-goussainville.com\/?page_id=98","og_site_name":"ASSOCIATION CULTURELLE AVENIR DE GOUSSAINVILLE","article_modified_time":"2024-05-26T18:14:30+00:00","twitter_card":"summary_large_image","twitter_misc":{"Dur\u00e9e de lecture estim\u00e9e":"1 minute"},"schema":{"@context":"https:\/\/schema.org","@graph":[{"@type":"WebPage","@id":"https:\/\/avenir-goussainville.com\/?page_id=98","url":"https:\/\/avenir-goussainville.com\/?page_id=98","name":"Langue arabe - ASSOCIATION CULTURELLE AVENIR DE GOUSSAINVILLE","isPartOf":{"@id":"https:\/\/avenir-goussainville.com\/#website"},"datePublished":"2023-08-11T00:15:31+00:00","dateModified":"2024-05-26T18:14:30+00:00","breadcrumb":{"@id":"https:\/\/avenir-goussainville.com\/?page_id=98#breadcrumb"},"inLanguage":"fr-FR","potentialAction":[{"@type":"ReadAction","target":["https:\/\/avenir-goussainville.com\/?page_id=98"]}]},{"@type":"BreadcrumbList","@id":"https:\/\/avenir-goussainville.com\/?page_id=98#breadcrumb","itemListElement":[{"@type":"ListItem","position":1,"name":"Accueil","item":"https:\/\/avenir-goussainville.com\/"},{"@type":"ListItem","position":2,"name":"Langue arabe"}]},{"@type":"WebSite","@id":"https:\/\/avenir-goussainville.com\/#website","url":"https:\/\/avenir-goussainville.com\/","name":"ASSOCIATION CULTURELLE AVENIR DE GOUSSAINVILLE","description":"","publisher":{"@id":"https:\/\/avenir-goussainville.com\/#organization"},"potentialAction":[{"@type":"SearchAction","target":{"@type":"EntryPoint","urlTemplate":"https:\/\/avenir-goussainville.com\/?s={search_term_string}"},"query-input":"required name=search_term_string"}],"inLanguage":"fr-FR"},{"@type":"Organization","@id":"https:\/\/avenir-goussainville.com\/#organization","name":"ASSOCIATION CULTURELLE AVENIR DE GOUSSAINVILLE","url":"https:\/\/avenir-goussainville.com\/","logo":{"@type":"ImageObject","inLanguage":"fr-FR","@id":"https:\/\/avenir-goussainville.com\/#\/schema\/logo\/image\/","url":"https:\/\/avenir-goussainville.com\/wp-content\/uploads\/2023\/07\/cropped-cropped-Logo_AVENIR_568x407-1.png","contentUrl":"https:\/\/avenir-goussainville.com\/wp-content\/uploads\/2023\/07\/cropped-cropped-Logo_AVENIR_568x407-1.png","width":407,"height":407,"caption":"ASSOCIATION CULTURELLE AVENIR DE GOUSSAINVILLE"},"image":{"@id":"https:\/\/avenir-goussainville.com\/#\/schema\/logo\/image\/"}}]}},"_links":{"self":[{"href":"https:\/\/avenir-goussainville.com\/index.php?rest_route=\/wp\/v2\/pages\/98"}],"collection":[{"href":"https:\/\/avenir-goussainville.com\/index.php?rest_route=\/wp\/v2\/pages"}],"about":[{"href":"https:\/\/avenir-goussainville.com\/index.php?rest_route=\/wp\/v2\/types\/page"}],"author":[{"embeddable":true,"href":"https:\/\/avenir-goussainville.com\/index.php?rest_route=\/wp\/v2\/users\/1"}],"replies":[{"embeddable":true,"href":"https:\/\/avenir-goussainville.com\/index.php?rest_route=%2Fwp%2Fv2%2Fcomments&post=98"}],"version-history":[{"count":16,"href":"https:\/\/avenir-goussainville.com\/index.php?rest_route=\/wp\/v2\/pages\/98\/revisions"}],"predecessor-version":[{"id":256,"href":"https:\/\/avenir-goussainville.com\/index.php?rest_route=\/wp\/v2\/pages\/98\/revisions\/256"}],"wp:attachment":[{"href":"https:\/\/avenir-goussainville.com\/index.php?rest_route=%2Fwp%2Fv2%2Fmedia&parent=98"}],"curies":[{"name":"wp","href":"https:\/\/api.w.org\/{rel}","templated":true}]}}